{"id":8,"date":"2018-11-30T14:28:27","date_gmt":"2018-11-30T14:28:27","guid":{"rendered":"http:\/\/physioboedelibad.tcnet.ch\/wordpress\/?page_id=8"},"modified":"2026-01-05T16:12:38","modified_gmt":"2026-01-05T17:12:38","slug":"startseite","status":"publish","type":"page","link":"https:\/\/physioboedelibad.ch\/wordpress\/","title":{"rendered":"Herzlich willkommen!"},"content":{"rendered":"\n<p><\/p>\n\n\n\n<div class=\"wp-block-file\"><object class=\"wp-block-file__embed\" data=\"https:\/\/physioboedelibad.ch\/wordpress\/wp-content\/uploads\/2023\/09\/Patienten-Einwilligung-blanko-Boedelibad-sw.pdf\" type=\"application\/pdf\" style=\"width:100%;height:600px\" aria-label=\"Einbettung von Patienten-Einwilligung-blanko-Boedelibad-sw.\"><\/object><a id=\"wp-block-file--media-8317005a-0aaf-4094-a747-231442b4fc99\" href=\"https:\/\/physioboedelibad.ch\/wordpress\/wp-content\/uploads\/2023\/09\/Patienten-Einwilligung-blanko-Boedelibad-sw.pdf\">Patienten-Einwilligung-blanko-Boedelibad-sw<\/a><a href=\"https:\/\/physioboedelibad.ch\/wordpress\/wp-content\/uploads\/2023\/09\/Patienten-Einwilligung-blanko-Boedelibad-sw.pdf\" class=\"wp-block-file__button\" download aria-describedby=\"wp-block-file--media-8317005a-0aaf-4094-a747-231442b4fc99\">Herunterladen<\/a><\/div>\n\n\n\n<p><\/p>\n\n\n\n<p><\/p>\n\n\n\n<h2> <br> <\/h2>\n\n\n\n<h2><\/h2>\n\n\n\n<p><\/p>\n\n\n\n<p>05. Januar 2026<\/p>\n\n\n\n<h2><\/h2>\n\n\n<p>Unser Team von selbstst\u00e4ndigen Physiotherapeutinnen und Physiotherapeuten freut sich, Sie bei uns zu empfangen. Durch st\u00e4ndige Weiterbildungen werden wir den vielf\u00e4ltigen Bed\u00fcrfnissen unserer Patientinnen und Patienten gerecht und finden f\u00fcr Sie die bestm\u00f6gliche Therapieform.<\/p>\n<p>Die obligatorische Grundversicherung (KVG, UVG) deckt alle physiotherapeutischen Behandlungskosten ab, sofern \u00e4rztliche Verordnungen vorliegen \u2013 bringen Sie diese Verordnungen deshalb mit.<\/p>\n<p>Anderweitige Behandlungen sind nat\u00fcrlich ebenfalls auch ohne \u00e4rztliche Verordnung m\u00f6glich und k\u00f6nnen oft \u00fcber Zusatzversicherungen abgedeckt werden \u2013 fragen Sie uns.<\/p>\n<p>Wir Physiotherapeutinnen sind selbst\u00e4ndig erwerbend, was die Zusammenarbeit mit den PatientInnen und den Kostentr\u00e4gern vereinfacht.<\/p>\n<h1>\u00d6ffnungszeiten<\/h1>\n<p>Montag &#8211; Freitag: 7.30-20.00 Uhr<\/p>\n<p><img loading=\"lazy\" class=\"alignnone size-medium wp-image-261\" src=\"http:\/\/physioboedelibad.tcnet.ch\/wordpress\/wp-content\/uploads\/2019\/10\/Physio_low_042-300x200.jpg\" alt=\"\" width=\"300\" height=\"200\" srcset=\"https:\/\/physioboedelibad.ch\/wordpress\/wp-content\/uploads\/2019\/10\/Physio_low_042-300x200.jpg 300w, https:\/\/physioboedelibad.ch\/wordpress\/wp-content\/uploads\/2019\/10\/Physio_low_042-768x512.jpg 768w, https:\/\/physioboedelibad.ch\/wordpress\/wp-content\/uploads\/2019\/10\/Physio_low_042-1024x683.jpg 1024w, https:\/\/physioboedelibad.ch\/wordpress\/wp-content\/uploads\/2019\/10\/Physio_low_042.jpg 1619w\" sizes=\"(max-width: 300px) 100vw, 300px\" \/><img loading=\"lazy\" class=\"alignnone size-medium wp-image-301\" src=\"http:\/\/physioboedelibad.tcnet.ch\/wordpress\/wp-content\/uploads\/2019\/10\/Physio_low_082-300x200.jpg\" alt=\"\" width=\"300\" height=\"200\" srcset=\"https:\/\/physioboedelibad.ch\/wordpress\/wp-content\/uploads\/2019\/10\/Physio_low_082-300x200.jpg 300w, https:\/\/physioboedelibad.ch\/wordpress\/wp-content\/uploads\/2019\/10\/Physio_low_082-768x512.jpg 768w, https:\/\/physioboedelibad.ch\/wordpress\/wp-content\/uploads\/2019\/10\/Physio_low_082-1024x683.jpg 1024w, https:\/\/physioboedelibad.ch\/wordpress\/wp-content\/uploads\/2019\/10\/Physio_low_082.jpg 1619w\" sizes=\"(max-width: 300px) 100vw, 300px\" \/><\/p>\n<p><img loading=\"lazy\" class=\"alignnone size-medium wp-image-326\" src=\"http:\/\/physioboedelibad.tcnet.ch\/wordpress\/wp-content\/uploads\/2019\/10\/Physio_low_107-200x300.jpg\" alt=\"\" width=\"200\" height=\"300\" srcset=\"https:\/\/physioboedelibad.ch\/wordpress\/wp-content\/uploads\/2019\/10\/Physio_low_107-200x300.jpg 200w, https:\/\/physioboedelibad.ch\/wordpress\/wp-content\/uploads\/2019\/10\/Physio_low_107-683x1024.jpg 683w, https:\/\/physioboedelibad.ch\/wordpress\/wp-content\/uploads\/2019\/10\/Physio_low_107.jpg 720w\" sizes=\"(max-width: 200px) 100vw, 200px\" \/><\/p>","protected":false},"excerpt":{"rendered":"<p>05. Januar 2026 Unser Team von selbstst\u00e4ndigen Physiotherapeutinnen und Physiotherapeuten freut sich, Sie bei uns zu empfangen. Durch st\u00e4ndige Weiterbildungen werden wir den vielf\u00e4ltigen Bed\u00fcrfnissen unserer Patientinnen und Patienten gerecht und finden f\u00fcr Sie die bestm\u00f6gliche Therapieform. Die obligatorische Grundversicherung (KVG, UVG) deckt alle physiotherapeutischen Behandlungskosten ab, sofern \u00e4rztliche Verordnungen vorliegen \u2013 bringen Sie diese &hellip; <\/p>\n<p class=\"link-more\"><a href=\"https:\/\/physioboedelibad.ch\/wordpress\/\" class=\"more-link\"><span class=\"screen-reader-text\">&#171;Herzlich willkommen!&#187;<\/span> weiterlesen<\/a><\/p>\n","protected":false},"author":1,"featured_media":0,"parent":0,"menu_order":0,"comment_status":"closed","ping_status":"closed","template":"","meta":[],"yoast_head":"<!-- This site is optimized with the Yoast SEO plugin v19.6 - https:\/\/yoast.com\/wordpress\/plugins\/seo\/ -->\n<title>Herzlich willkommen! - Physio B\u00f6delibad<\/title>\n<meta name=\"robots\" content=\"index, follow, max-snippet:-1, max-image-preview:large, max-video-preview:-1\" \/>\n<link rel=\"canonical\" href=\"https:\/\/physioboedelibad.ch\/wordpress\/\" \/>\n<meta property=\"og:locale\" content=\"de_DE\" \/>\n<meta property=\"og:type\" content=\"article\" \/>\n<meta property=\"og:title\" content=\"Herzlich willkommen! - Physio B\u00f6delibad\" \/>\n<meta property=\"og:description\" content=\"05. Januar 2026 Unser Team von selbstst\u00e4ndigen Physiotherapeutinnen und Physiotherapeuten freut sich, Sie bei uns zu empfangen. Durch st\u00e4ndige Weiterbildungen werden wir den vielf\u00e4ltigen Bed\u00fcrfnissen unserer Patientinnen und Patienten gerecht und finden f\u00fcr Sie die bestm\u00f6gliche Therapieform. Die obligatorische Grundversicherung (KVG, UVG) deckt alle physiotherapeutischen Behandlungskosten ab, sofern \u00e4rztliche Verordnungen vorliegen \u2013 bringen Sie diese &hellip; &quot;Herzlich willkommen!&quot; weiterlesen\" \/>\n<meta property=\"og:url\" content=\"https:\/\/physioboedelibad.ch\/wordpress\/\" \/>\n<meta property=\"og:site_name\" content=\"Physio B\u00f6delibad\" \/>\n<meta property=\"article:modified_time\" content=\"2026-01-05T17:12:38+01:00\" \/>\n<meta property=\"og:image\" content=\"http:\/\/physioboedelibad.tcnet.ch\/wordpress\/wp-content\/uploads\/2019\/10\/Physio_low_042-300x200.jpg\" \/>\n<meta name=\"twitter:card\" content=\"summary_large_image\" \/>\n<meta name=\"twitter:label1\" content=\"Est. reading time\" \/>\n\t<meta name=\"twitter:data1\" content=\"2 Minuten\" \/>\n<script type=\"application\/ld+json\" class=\"yoast-schema-graph\">{\"@context\":\"https:\/\/schema.org\",\"@graph\":[{\"@type\":\"WebPage\",\"@id\":\"https:\/\/physioboedelibad.ch\/wordpress\/\",\"url\":\"https:\/\/physioboedelibad.ch\/wordpress\/\",\"name\":\"Herzlich willkommen! - Physio B\u00f6delibad\",\"isPartOf\":{\"@id\":\"https:\/\/physioboedelibad.ch\/wordpress\/#website\"},\"datePublished\":\"2018-11-30T14:28:27+01:00\",\"dateModified\":\"2026-01-05T17:12:38+01:00\",\"breadcrumb\":{\"@id\":\"https:\/\/physioboedelibad.ch\/wordpress\/#breadcrumb\"},\"inLanguage\":\"de-CH\",\"potentialAction\":[{\"@type\":\"ReadAction\",\"target\":[\"https:\/\/physioboedelibad.ch\/wordpress\/\"]}]},{\"@type\":\"BreadcrumbList\",\"@id\":\"https:\/\/physioboedelibad.ch\/wordpress\/#breadcrumb\",\"itemListElement\":[{\"@type\":\"ListItem\",\"position\":1,\"name\":\"Home\",\"item\":\"https:\/\/physioboedelibad.ch\/wordpress\/\"},{\"@type\":\"ListItem\",\"position\":2,\"name\":\"Herzlich willkommen!\"}]},{\"@type\":\"WebSite\",\"@id\":\"https:\/\/physioboedelibad.ch\/wordpress\/#website\",\"url\":\"https:\/\/physioboedelibad.ch\/wordpress\/\",\"name\":\"Physio B\u00f6delibad\",\"description\":\"Gesund und beweglich\",\"potentialAction\":[{\"@type\":\"SearchAction\",\"target\":{\"@type\":\"EntryPoint\",\"urlTemplate\":\"https:\/\/physioboedelibad.ch\/wordpress\/?s={search_term_string}\"},\"query-input\":\"required name=search_term_string\"}],\"inLanguage\":\"de-CH\"}]}<\/script>\n<!-- \/ Yoast SEO plugin. -->","yoast_head_json":{"title":"Herzlich willkommen! - Physio B\u00f6delibad","robots":{"index":"index","follow":"follow","max-snippet":"max-snippet:-1","max-image-preview":"max-image-preview:large","max-video-preview":"max-video-preview:-1"},"canonical":"https:\/\/physioboedelibad.ch\/wordpress\/","og_locale":"de_DE","og_type":"article","og_title":"Herzlich willkommen! - Physio B\u00f6delibad","og_description":"05. Januar 2026 Unser Team von selbstst\u00e4ndigen Physiotherapeutinnen und Physiotherapeuten freut sich, Sie bei uns zu empfangen. Durch st\u00e4ndige Weiterbildungen werden wir den vielf\u00e4ltigen Bed\u00fcrfnissen unserer Patientinnen und Patienten gerecht und finden f\u00fcr Sie die bestm\u00f6gliche Therapieform. Die obligatorische Grundversicherung (KVG, UVG) deckt alle physiotherapeutischen Behandlungskosten ab, sofern \u00e4rztliche Verordnungen vorliegen \u2013 bringen Sie diese &hellip; \"Herzlich willkommen!\" weiterlesen","og_url":"https:\/\/physioboedelibad.ch\/wordpress\/","og_site_name":"Physio B\u00f6delibad","article_modified_time":"2026-01-05T17:12:38+01:00","og_image":[{"url":"http:\/\/physioboedelibad.tcnet.ch\/wordpress\/wp-content\/uploads\/2019\/10\/Physio_low_042-300x200.jpg"}],"twitter_card":"summary_large_image","twitter_misc":{"Est. reading time":"2 Minuten"},"schema":{"@context":"https:\/\/schema.org","@graph":[{"@type":"WebPage","@id":"https:\/\/physioboedelibad.ch\/wordpress\/","url":"https:\/\/physioboedelibad.ch\/wordpress\/","name":"Herzlich willkommen! - Physio B\u00f6delibad","isPartOf":{"@id":"https:\/\/physioboedelibad.ch\/wordpress\/#website"},"datePublished":"2018-11-30T14:28:27+01:00","dateModified":"2026-01-05T17:12:38+01:00","breadcrumb":{"@id":"https:\/\/physioboedelibad.ch\/wordpress\/#breadcrumb"},"inLanguage":"de-CH","potentialAction":[{"@type":"ReadAction","target":["https:\/\/physioboedelibad.ch\/wordpress\/"]}]},{"@type":"BreadcrumbList","@id":"https:\/\/physioboedelibad.ch\/wordpress\/#breadcrumb","itemListElement":[{"@type":"ListItem","position":1,"name":"Home","item":"https:\/\/physioboedelibad.ch\/wordpress\/"},{"@type":"ListItem","position":2,"name":"Herzlich willkommen!"}]},{"@type":"WebSite","@id":"https:\/\/physioboedelibad.ch\/wordpress\/#website","url":"https:\/\/physioboedelibad.ch\/wordpress\/","name":"Physio B\u00f6delibad","description":"Gesund und beweglich","potentialAction":[{"@type":"SearchAction","target":{"@type":"EntryPoint","urlTemplate":"https:\/\/physioboedelibad.ch\/wordpress\/?s={search_term_string}"},"query-input":"required name=search_term_string"}],"inLanguage":"de-CH"}]}},"_links":{"self":[{"href":"https:\/\/physioboedelibad.ch\/wordpress\/wp-json\/wp\/v2\/pages\/8"}],"collection":[{"href":"https:\/\/physioboedelibad.ch\/wordpress\/wp-json\/wp\/v2\/pages"}],"about":[{"href":"https:\/\/physioboedelibad.ch\/wordpress\/wp-json\/wp\/v2\/types\/page"}],"author":[{"embeddable":true,"href":"https:\/\/physioboedelibad.ch\/wordpress\/wp-json\/wp\/v2\/users\/1"}],"replies":[{"embeddable":true,"href":"https:\/\/physioboedelibad.ch\/wordpress\/wp-json\/wp\/v2\/comments?post=8"}],"version-history":[{"count":97,"href":"https:\/\/physioboedelibad.ch\/wordpress\/wp-json\/wp\/v2\/pages\/8\/revisions"}],"predecessor-version":[{"id":650,"href":"https:\/\/physioboedelibad.ch\/wordpress\/wp-json\/wp\/v2\/pages\/8\/revisions\/650"}],"wp:attachment":[{"href":"https:\/\/physioboedelibad.ch\/wordpress\/wp-json\/wp\/v2\/media?parent=8"}],"curies":[{"name":"wp","href":"https:\/\/api.w.org\/{rel}","templated":true}]}}